{"id":3713,"date":"2019-07-11T13:54:04","date_gmt":"2019-07-11T13:54:04","guid":{"rendered":"https:\/\/www.dom-osc.com\/prodotto\/coia-maurreddina-25-07-2019\/"},"modified":"2020-08-04T09:46:26","modified_gmt":"2020-08-04T09:46:26","slug":"coia-maurreddina-25-07-2019","status":"publish","type":"product","link":"https:\/\/www.dom-osc.com\/sa\/prodotto\/coia-maurreddina-25-07-2019\/","title":{"rendered":"C\u00f2ia Maurreddina 25\/07\/2019"},"content":{"rendered":"[vc_row type=&#8221;full_width_background&#8221; full_screen_row_position=&#8221;middle&#8221; scene_position=&#8221;center&#8221; text_color=&#8221;dark&#8221; text_align=&#8221;left&#8221; bottom_padding=&#8221;8%&#8221; overlay_strength=&#8221;1&#8243; shape_divider_position=&#8221;bottom&#8221; bg_image_animation=&#8221;none&#8221; shape_type=&#8221;&#8221;][vc_column column_padding=&#8221;no-extra-padding&#8221; column_padding_position=&#8221;all&#8221; background_color_opacity=&#8221;1&#8243; background_hover_color_opacity=&#8221;1&#8243; column_link_target=&#8221;_self&#8221; column_shadow=&#8221;none&#8221; column_border_radius=&#8221;none&#8221; width=&#8221;1\/6&#8243; tablet_width_inherit=&#8221;default&#8221; tablet_text_alignment=&#8221;default&#8221; phone_text_alignment=&#8221;default&#8221; column_border_width=&#8221;none&#8221; column_border_style=&#8221;solid&#8221; bg_image_animation=&#8221;none&#8221;][\/vc_column][vc_column column_padding=&#8221;no-extra-padding&#8221; column_padding_position=&#8221;all&#8221; background_color_opacity=&#8221;1&#8243; background_hover_color_opacity=&#8221;1&#8243; column_link_target=&#8221;_self&#8221; column_shadow=&#8221;none&#8221; column_border_radius=&#8221;none&#8221; width=&#8221;2\/3&#8243; tablet_width_inherit=&#8221;default&#8221; tablet_text_alignment=&#8221;default&#8221; phone_text_alignment=&#8221;default&#8221; column_border_width=&#8221;none&#8221; column_border_style=&#8221;solid&#8221; bg_image_animation=&#8221;none&#8221;][vc_row_inner column_margin=&#8221;default&#8221; bottom_padding=&#8221;80&#8243; text_align=&#8221;left&#8221;][vc_column_inner column_padding=&#8221;no-extra-padding&#8221; column_padding_position=&#8221;all&#8221; background_color_opacity=&#8221;1&#8243; background_hover_color_opacity=&#8221;1&#8243; column_shadow=&#8221;none&#8221; column_border_radius=&#8221;none&#8221; column_link_target=&#8221;_self&#8221; width=&#8221;1\/6&#8243; tablet_width_inherit=&#8221;default&#8221; column_border_width=&#8221;none&#8221; column_border_style=&#8221;solid&#8221; bg_image_animation=&#8221;none&#8221;][vc_custom_heading text=&#8221;Or\u00e0rius&#8221; font_container=&#8221;tag:h5|text_align:left|color:%23cd0f1c&#8221; use_theme_fonts=&#8221;yes&#8221;][\/vc_column_inner][vc_column_inner column_padding=&#8221;no-extra-padding&#8221; column_padding_position=&#8221;all&#8221; background_color_opacity=&#8221;1&#8243; background_hover_color_opacity=&#8221;1&#8243; column_shadow=&#8221;none&#8221; column_border_radius=&#8221;none&#8221; column_link_target=&#8221;_self&#8221; width=&#8221;5\/6&#8243; tablet_width_inherit=&#8221;default&#8221; column_border_width=&#8221;none&#8221; column_border_style=&#8221;solid&#8221; bg_image_animation=&#8221;none&#8221;][vc_column_text]\n<p>A is 11 de a mengianu: At\u00f2biu po sa Stampa.<br \/>\nA is 8 e mesu de a meri&#8217;: Anticipatzionis de sa festa de su Festival. Sonus, cantus e ballus popularis.<\/p>\n[\/vc_column_text][\/vc_column_inner][\/vc_row_inner][vc_row_inner column_margin=&#8221;default&#8221; bottom_padding=&#8221;40&#8243; text_align=&#8221;left&#8221;][vc_column_inner column_padding=&#8221;no-extra-padding&#8221; column_padding_position=&#8221;all&#8221; background_color_opacity=&#8221;1&#8243; background_hover_color_opacity=&#8221;1&#8243; column_shadow=&#8221;none&#8221; column_border_radius=&#8221;none&#8221; column_link_target=&#8221;_self&#8221; width=&#8221;1\/6&#8243; tablet_width_inherit=&#8221;default&#8221; column_border_width=&#8221;none&#8221; column_border_style=&#8221;solid&#8221; bg_image_animation=&#8221;none&#8221;][vc_custom_heading text=&#8221;Atastu&#8221; font_container=&#8221;tag:h5|text_align:left|color:%23cd0f1c&#8221; use_theme_fonts=&#8221;yes&#8221;][\/vc_column_inner][vc_column_inner column_padding=&#8221;no-extra-padding&#8221; column_padding_position=&#8221;all&#8221; background_color_opacity=&#8221;1&#8243; background_hover_color_opacity=&#8221;1&#8243; column_shadow=&#8221;none&#8221; column_border_radius=&#8221;none&#8221; column_link_target=&#8221;_self&#8221; width=&#8221;5\/6&#8243; tablet_width_inherit=&#8221;default&#8221; column_border_width=&#8221;none&#8221; column_border_style=&#8221;solid&#8221; bg_image_animation=&#8221;none&#8221;][vc_column_text css=&#8221;.vc_custom_1562853456738{margin-bottom: 30px !important;}&#8221;]\n<h3>Brebei a cassola<\/h3>\n[\/vc_column_text][vc_column_text]Est una cassola de brebei a tocheddus, cota a fogu b\u00e0sciu, cun tamata sicada, cibudda, pisitinaga, \u00e0piu, folla de lau e tamata spilloncada.[\/vc_column_text][\/vc_column_inner][\/vc_row_inner][vc_row_inner column_margin=&#8221;default&#8221; text_align=&#8221;left&#8221;][vc_column_inner column_padding=&#8221;no-extra-padding&#8221; column_padding_position=&#8221;all&#8221; background_color_opacity=&#8221;1&#8243; background_hover_color_opacity=&#8221;1&#8243; column_shadow=&#8221;none&#8221; column_border_radius=&#8221;none&#8221; column_link_target=&#8221;_self&#8221; width=&#8221;1\/6&#8243; tablet_width_inherit=&#8221;default&#8221; column_border_width=&#8221;none&#8221; column_border_style=&#8221;solid&#8221; bg_image_animation=&#8221;none&#8221;][vc_custom_heading text=&#8221;A Incuru De&#8221; font_container=&#8221;tag:h5|text_align:left|color:%23cd0f1c&#8221; use_theme_fonts=&#8221;yes&#8221;][\/vc_column_inner][vc_column_inner column_padding=&#8221;no-extra-padding&#8221; column_padding_position=&#8221;all&#8221; background_color_opacity=&#8221;1&#8243; background_hover_color_opacity=&#8221;1&#8243; column_shadow=&#8221;none&#8221; column_border_radius=&#8221;none&#8221; column_link_target=&#8221;_self&#8221; width=&#8221;5\/6&#8243; tablet_width_inherit=&#8221;default&#8221; column_border_width=&#8221;none&#8221; column_border_style=&#8221;solid&#8221; bg_image_animation=&#8221;none&#8221;][vc_column_text css=&#8221;.vc_custom_1562853612973{margin-bottom: 30px !important;}&#8221;]\n<h3>LSa Pro Loco de Santadi<\/h3>\n[\/vc_column_text][vc_column_text]In diis de oi sa Pro Loco Santadi est una truma de gi\u00f2vunus chi de duus annus pagu prus est trabballendi po f\u00e0iri cr\u00e8sciri sa bidda, circhendi de ndi f\u00e0iri bessiri a pillu sa bellesa sua naturali e culturali. Sa prenda prus de importu de sa Pro Loco Santadi est sa C\u00f2ia Maurreddina, chi de prus de 50 annus afestat s&#8217;amori cun unu rituali s\u00e8mpiri oguali in su tempus. Su presidenti est Ilaria Forresu.[\/vc_column_text][\/vc_column_inner][\/vc_row_inner][\/vc_column][vc_column column_padding=&#8221;no-extra-padding&#8221; column_padding_position=&#8221;all&#8221; background_color_opacity=&#8221;1&#8243; background_hover_color_opacity=&#8221;1&#8243; column_link_target=&#8221;_self&#8221; column_shadow=&#8221;none&#8221; column_border_radius=&#8221;none&#8221; width=&#8221;1\/6&#8243; tablet_width_inherit=&#8221;default&#8221; tablet_text_alignment=&#8221;default&#8221; phone_text_alignment=&#8221;default&#8221; column_border_width=&#8221;none&#8221; column_border_style=&#8221;solid&#8221; bg_image_animation=&#8221;none&#8221;][\/vc_column][\/vc_row][vc_row type=&#8221;in_container&#8221; full_screen_row_position=&#8221;middle&#8221; scene_position=&#8221;center&#8221; text_color=&#8221;dark&#8221; text_align=&#8221;left&#8221; class=&#8221;figlio&#8221; overlay_strength=&#8221;0.3&#8243; shape_divider_position=&#8221;bottom&#8221; bg_image_animation=&#8221;none&#8221; shape_type=&#8221;&#8221;][vc_column column_padding=&#8221;no-extra-padding&#8221; column_padding_position=&#8221;all&#8221; background_color_opacity=&#8221;1&#8243; background_hover_color_opacity=&#8221;1&#8243; column_link_target=&#8221;_self&#8221; column_shadow=&#8221;none&#8221; column_border_radius=&#8221;none&#8221; width=&#8221;1\/1&#8243; tablet_width_inherit=&#8221;default&#8221; tablet_text_alignment=&#8221;default&#8221; phone_text_alignment=&#8221;default&#8221; column_border_width=&#8221;none&#8221; column_border_style=&#8221;solid&#8221; bg_image_animation=&#8221;none&#8221;][vc_column_text]\n<h3 style=\"text-transform: uppercase;\">TI CONSILLAUS DE BIRI FINTZAS CUSTUS EVENTUS\u2026<br \/>\n<\/h3>\n[\/vc_column_text][\/vc_column][\/vc_row]\n","protected":false},"excerpt":{"rendered":"<div class=\"woocommerce-product-details__short-description\">\n<p>Funt 51 annus chi s&#8217;afestat custu rituali antigu, una c\u00f2ia religiosa chi sighit sa liturgia traditzionali de sa Cr\u00e8sia Cat\u00f2lica Apost\u00f2lica Romana.<br \/>\nSu mengianu de sa c\u00f2ia is isposus si bistint in \u201cSa Domu Antiga\u201d fadendis\u00ec agiudari de is costumistas de sa bidda. Sa di&#8217; de sa c\u00f2ia duas tracas a bois cuncordadas a festa portant a is isposus in prucessioni, cun s&#8217;acumpangiamentu de grupus folk e cuaddus de totu sa Sard\u00ecnnia. In sa Pratza Manna si fait sa missa, e apustis, cun su rituali de s&#8217;\u00c0cua e de Sa Gr\u00e0tzia, comenti si fait de generatzionis, si beneixint is isposus, po chi tengant sorti bona in vida e arrichesa, felicidadi e giud\u00ectziu. A \u00f9rtimu si segat su pratu cun \u201cSa Gr\u00e0tzia\u201d.\n<\/p>\n<\/div>\n","protected":false},"featured_media":3714,"template":"","meta":[],"_links":{"self":[{"href":"https:\/\/www.dom-osc.com\/sa\/wp-json\/wp\/v2\/product\/3713"}],"collection":[{"href":"https:\/\/www.dom-osc.com\/sa\/wp-json\/wp\/v2\/product"}],"about":[{"href":"https:\/\/www.dom-osc.com\/sa\/wp-json\/wp\/v2\/types\/product"}],"wp:featuredmedia":[{"embeddable":true,"href":"https:\/\/www.dom-osc.com\/sa\/wp-json\/wp\/v2\/media\/3714"}],"wp:attachment":[{"href":"https:\/\/www.dom-osc.com\/sa\/wp-json\/wp\/v2\/media?parent=3713"}],"curies":[{"name":"wp","href":"https:\/\/api.w.org\/{rel}","templated":true}]}}